{"id":8,"date":"2025-03-20T22:04:49","date_gmt":"2025-03-20T21:04:49","guid":{"rendered":"https:\/\/ephemerhum.com\/?page_id=8"},"modified":"2025-03-20T22:05:56","modified_gmt":"2025-03-20T21:05:56","slug":"accueil","status":"publish","type":"page","link":"https:\/\/ephemerhum.com\/?page_id=8","title":{"rendered":"Accueil"},"content":{"rendered":"\t\t<div data-elementor-type=\"wp-post\" data-elementor-id=\"8\" class=\"elementor elementor-8\">\n\t\t\t\t<div class=\"elementor-element elementor-element-4587d0a2 e-flex e-con-boxed e-con e-parent\" data-id=\"4587d0a2\" data-element_type=\"container\">\n\t\t\t\t\t<div class=\"e-con-inner\">\n\t\t\t\t<div class=\"elementor-element elementor-element-3a1e069 elementor-widget elementor-widget-text-editor\" data-id=\"3a1e069\" data-element_type=\"widget\" data-widget_type=\"text-editor.default\">\n\t\t\t\t<div class=\"elementor-widget-container\">\n\t\t\t\t\t\t\t\t\t\n<div class=\"wp-block-group alignfull is-style-section-5 is-layout-flow wp-block-group-is-layout-flow is-style-section-5--2\" style=\"min-height: 100vh; margin-top: 0; margin-bottom: 0; padding: var(--wp--preset--spacing--50);\">\n<div class=\"wp-block-columns alignfull is-layout-flex wp-container-core-columns-is-layout-47c06fe3 wp-block-columns-is-layout-flex\">\n<div class=\"wp-block-column is-layout-flow wp-block-column-is-layout-flow\">\n<div class=\"wp-block-cover is-light\" style=\"min-height: 100vh;aspect-ratio:unset;\"><img fetchpriority=\"high\" decoding=\"async\" class=\"wp-block-cover__image-background alignnone wp-image-27 size-medium\" src=\"https:\/\/ephemerhum.com\/wp-content\/uploads\/2025\/03\/insertion-bouteille-noire-168x300.png\" alt=\"\" width=\"168\" height=\"300\" data-object-fit=\"cover\" srcset=\"https:\/\/ephemerhum.com\/wp-content\/uploads\/2025\/03\/insertion-bouteille-noire-168x300.png 168w, https:\/\/ephemerhum.com\/wp-content\/uploads\/2025\/03\/insertion-bouteille-noire.png 389w\" sizes=\"(max-width: 168px) 100vw, 168px\" \/>\n<div class=\"wp-block-cover__inner-container is-layout-flow wp-block-cover-is-layout-flow\">\n<div class=\"wp-block-spacer\" style=\"height: var(--wp--preset--spacing--20);\" aria-hidden=\"true\">\u00a0<\/div>\n<\/div>\n<\/div>\n<\/div>\n\n<div class=\"wp-block-column is-layout-flow wp-block-column-is-layout-flow\">\n<div class=\"wp-block-group is-vertical is-content-justification-stretch is-nowrap is-layout-flex wp-container-core-group-is-layout-9a2e2d63 wp-block-group-is-layout-flex\" style=\"min-height: 100%;\">\n<p data-pm-slice=\"1 1 []\">L\u2019art du rhum arrang\u00e9 atteint un nouveau sommet avec <strong>\u00c9ph\u00e9m\u00e9rhum<\/strong>. Chaque bouteille est une cr\u00e9ation unique, inspir\u00e9e par les saisons et les terroirs, capturant un instant fugace de saveurs inoubliables. Une production limit\u00e9e, une d\u00e9gustation exclusive : <strong>go\u00fbtez l\u2019exceptionnel, avant qu\u2019il ne disparaisse.<\/strong><\/p>\n<p><strong>\u2728 L\u2019exp\u00e9rience unique d\u2019\u00c9ph\u00e9m\u00e9rhum :<\/strong><\/p>\n<ul data-spread=\"false\">\n<li>\n<p>Des rhums arrang\u00e9s en <strong>\u00e9ditions limit\u00e9es<\/strong>, num\u00e9rot\u00e9es et jamais reproduites.<\/p>\n<\/li>\n<li>\n<p>Un sourcing exigeant de <strong>produits rares et de saison<\/strong>.<\/p>\n<\/li>\n<li>\n<p>Une immersion sensorielle \u00e0 travers <strong>des ar\u00f4mes audacieux et raffin\u00e9s<\/strong>.<\/p>\n<\/li>\n<\/ul>\n<p><strong>Acc\u00e9dez \u00e0 l\u2019univers \u00c9ph\u00e9m\u00e9rhum<\/strong> et laissez-vous guider par vos sens.<\/p>\n<div class=\"wp-block-group\"><\/div>\n<\/div>\n<\/div>\n<\/div>\n<\/div>\n<!-- \/wp:group -->\t\t\t\t\t\t\t\t<\/div>\n\t\t\t\t<\/div>\n\t\t\t\t\t<\/div>\n\t\t\t\t<\/div>\n\t\t\t\t<\/div>\n\t\t","protected":false},"excerpt":{"rendered":"<p>L\u2019art du rhum arrang\u00e9 atteint un nouveau sommet avec \u00c9ph\u00e9m\u00e9rhum. Chaque bouteille est une cr\u00e9ation unique, inspir\u00e9e par les saisons et les terroirs, capturant un instant fugace de saveurs inoubliables. Une production limit\u00e9e, une d\u00e9gustation exclusive : go\u00fbtez l\u2019exceptionnel, avant qu\u2019il ne disparaisse. \u2728 L\u2019exp\u00e9rience unique d\u2019\u00c9ph\u00e9m\u00e9rhum : Des rhums arrang\u00e9s en \u00e9ditions limit\u00e9es, num\u00e9rot\u00e9es [&hellip;]<\/p>\n","protected":false},"author":1,"featured_media":0,"parent":0,"menu_order":0,"comment_status":"closed","ping_status":"closed","template":"","meta":{"footnotes":""},"class_list":["post-8","page","type-page","status-publish","hentry"],"_links":{"self":[{"href":"https:\/\/ephemerhum.com\/index.php?rest_route=\/wp\/v2\/pages\/8","targetHints":{"allow":["GET"]}}],"collection":[{"href":"https:\/\/ephemerhum.com\/index.php?rest_route=\/wp\/v2\/pages"}],"about":[{"href":"https:\/\/ephemerhum.com\/index.php?rest_route=\/wp\/v2\/types\/page"}],"author":[{"embeddable":true,"href":"https:\/\/ephemerhum.com\/index.php?rest_route=\/wp\/v2\/users\/1"}],"replies":[{"embeddable":true,"href":"https:\/\/ephemerhum.com\/index.php?rest_route=%2Fwp%2Fv2%2Fcomments&post=8"}],"version-history":[{"count":5,"href":"https:\/\/ephemerhum.com\/index.php?rest_route=\/wp\/v2\/pages\/8\/revisions"}],"predecessor-version":[{"id":32,"href":"https:\/\/ephemerhum.com\/index.php?rest_route=\/wp\/v2\/pages\/8\/revisions\/32"}],"wp:attachment":[{"href":"https:\/\/ephemerhum.com\/index.php?rest_route=%2Fwp%2Fv2%2Fmedia&parent=8"}],"curies":[{"name":"wp","href":"https:\/\/api.w.org\/{rel}","templated":true}]}}